{"id":51,"date":"2025-02-01T19:54:54","date_gmt":"2025-02-01T19:54:54","guid":{"rendered":"https:\/\/miedzierza.pl\/?page_id=51"},"modified":"2026-03-05T20:53:50","modified_gmt":"2026-03-05T20:53:50","slug":"gdzie-kupic","status":"publish","type":"page","link":"https:\/\/miedzierza.pl\/?page_id=51","title":{"rendered":"Gdzie kupi\u0107?"},"content":{"rendered":"\n<p>Ksi\u0105\u017ck\u0119 &#8222;Miedzierza wczoraj i dzi\u015b&#8221; mo\u017cna kupi\u0107 w:<br>1) Miedzierzy &#8211; w sklepie Pa\u0144stwa Romana i Stanis\u0142awy Pawelc\u00f3w, Miedzierza 79,<br>2) Ko\u0144skich &#8211; w Bibliotece Publicznej Miasta i Gminy Ko\u0144skie, ul. Partyzant\u00f3w 1,<br>3) Kielcach:<\/p>\n\n\n\n<p>&#8211; w ksi\u0119garni &#8222;\u015awiatowid&#8221; na ulicy Starodomaszowskiej 30\/46 (czynne od poniedzia\u0142ku do pi\u0105tku w godz. 10:00-16:00)<\/p>\n\n\n\n<p> &#8211; w sklepiku osiedlowym na Os. \u015awi\u0119tokrzyskim, ul. J. Nowaka Jeziora\u0144skiego 107.<\/p>\n\n\n\n<p>Sprzeda\u017c internetowa jest mo\u017cliwa za po\u015brednictwem ksi\u0119garni online wydawnictwa Sznyt.<br>Link do zakupu ksi\u0105\u017cki: <a href=\"https:\/\/wydawnictwosznyt.salescrm.pl\/cart\/add_product\/ksiazka-miedzierza-wczoraj-i-dzis\"><a href=\"https:\/\/sklep.dandycore.pl\/pl_PL\/p\/Ksiazka-Miedzierza-wczoraj-i-dzis\/134\" target=\"_blank\" rel=\"noreferrer noopener\">https:\/\/sklep.dandycore.pl\/pl_PL\/p\/Ksiazka-Miedzierza-wczoraj-i-dzis\/134<\/a><\/a><\/p>\n\n\n\n<p><\/p>\n","protected":false},"excerpt":{"rendered":"<p>Ksi\u0105\u017ck\u0119 &#8222;Miedzierza wczoraj i dzi\u015b&#8221; mo\u017cna kupi\u0107 w:1) Miedzierzy &#8211; w sklepie Pa\u0144stwa Romana i Stanis\u0142awy Pawelc\u00f3w, Miedzierza 79,2) Ko\u0144skich &#8211; w Bibliotece Publicznej Miasta i Gminy Ko\u0144skie, ul. Partyzant\u00f3w 1,3) Kielcach: &#8211; w ksi\u0119garni &#8222;\u015awiatowid&#8221; na ulicy Starodomaszowskiej 30\/46 (czynne od poniedzia\u0142ku do pi\u0105tku w godz. 10:00-16:00) &#8211; w [&hellip;]<\/p>\n","protected":false},"author":1,"featured_media":0,"parent":0,"menu_order":0,"comment_status":"closed","ping_status":"closed","template":"","meta":{"footnotes":""},"class_list":["post-51","page","type-page","status-publish","hentry"],"yoast_head":"<!-- This site is optimized with the Yoast SEO plugin v24.7 - https:\/\/yoast.com\/wordpress\/plugins\/seo\/ -->\n<title>Gdzie kupi\u0107? - Miedzierza wczoraj i dzi\u015b<\/title>\n<meta name=\"robots\" content=\"index, follow, max-snippet:-1, max-image-preview:large, max-video-preview:-1\" \/>\n<link rel=\"canonical\" href=\"https:\/\/miedzierza.pl\/?page_id=51\" \/>\n<meta property=\"og:locale\" content=\"pl_PL\" \/>\n<meta property=\"og:type\" content=\"article\" \/>\n<meta property=\"og:title\" content=\"Gdzie kupi\u0107? - Miedzierza wczoraj i dzi\u015b\" \/>\n<meta property=\"og:description\" content=\"Ksi\u0105\u017ck\u0119 &#8222;Miedzierza wczoraj i dzi\u015b&#8221; mo\u017cna kupi\u0107 w:1) Miedzierzy &#8211; w sklepie Pa\u0144stwa Romana i Stanis\u0142awy Pawelc\u00f3w, Miedzierza 79,2) Ko\u0144skich &#8211; w Bibliotece Publicznej Miasta i Gminy Ko\u0144skie, ul. Partyzant\u00f3w 1,3) Kielcach: &#8211; w ksi\u0119garni &#8222;\u015awiatowid&#8221; na ulicy Starodomaszowskiej 30\/46 (czynne od poniedzia\u0142ku do pi\u0105tku w godz. 10:00-16:00) &#8211; w [&hellip;]\" \/>\n<meta property=\"og:url\" content=\"https:\/\/miedzierza.pl\/?page_id=51\" \/>\n<meta property=\"og:site_name\" content=\"Miedzierza wczoraj i dzi\u015b\" \/>\n<meta property=\"article:modified_time\" content=\"2026-03-05T20:53:50+00:00\" \/>\n<meta name=\"twitter:card\" content=\"summary_large_image\" \/>\n<meta name=\"twitter:label1\" content=\"Szacowany czas czytania\" \/>\n\t<meta name=\"twitter:data1\" content=\"1 minuta\" \/>\n<script type=\"application\/ld+json\" class=\"yoast-schema-graph\">{\"@context\":\"https:\/\/schema.org\",\"@graph\":[{\"@type\":\"WebPage\",\"@id\":\"https:\/\/miedzierza.pl\/?page_id=51\",\"url\":\"https:\/\/miedzierza.pl\/?page_id=51\",\"name\":\"Gdzie kupi\u0107? - Miedzierza wczoraj i dzi\u015b\",\"isPartOf\":{\"@id\":\"https:\/\/miedzierza.pl\/#website\"},\"datePublished\":\"2025-02-01T19:54:54+00:00\",\"dateModified\":\"2026-03-05T20:53:50+00:00\",\"breadcrumb\":{\"@id\":\"https:\/\/miedzierza.pl\/?page_id=51#breadcrumb\"},\"inLanguage\":\"pl-PL\",\"potentialAction\":[{\"@type\":\"ReadAction\",\"target\":[\"https:\/\/miedzierza.pl\/?page_id=51\"]}]},{\"@type\":\"BreadcrumbList\",\"@id\":\"https:\/\/miedzierza.pl\/?page_id=51#breadcrumb\",\"itemListElement\":[{\"@type\":\"ListItem\",\"position\":1,\"name\":\"Strona g\u0142\u00f3wna\",\"item\":\"https:\/\/miedzierza.pl\/\"},{\"@type\":\"ListItem\",\"position\":2,\"name\":\"Gdzie kupi\u0107?\"}]},{\"@type\":\"WebSite\",\"@id\":\"https:\/\/miedzierza.pl\/#website\",\"url\":\"https:\/\/miedzierza.pl\/\",\"name\":\"Miedzierza wczoraj i dzi\u015b\",\"description\":\"\",\"potentialAction\":[{\"@type\":\"SearchAction\",\"target\":{\"@type\":\"EntryPoint\",\"urlTemplate\":\"https:\/\/miedzierza.pl\/?s={search_term_string}\"},\"query-input\":{\"@type\":\"PropertyValueSpecification\",\"valueRequired\":true,\"valueName\":\"search_term_string\"}}],\"inLanguage\":\"pl-PL\"}]}<\/script>\n<!-- \/ Yoast SEO plugin. -->","yoast_head_json":{"title":"Gdzie kupi\u0107? - Miedzierza wczoraj i dzi\u015b","robots":{"index":"index","follow":"follow","max-snippet":"max-snippet:-1","max-image-preview":"max-image-preview:large","max-video-preview":"max-video-preview:-1"},"canonical":"https:\/\/miedzierza.pl\/?page_id=51","og_locale":"pl_PL","og_type":"article","og_title":"Gdzie kupi\u0107? - Miedzierza wczoraj i dzi\u015b","og_description":"Ksi\u0105\u017ck\u0119 &#8222;Miedzierza wczoraj i dzi\u015b&#8221; mo\u017cna kupi\u0107 w:1) Miedzierzy &#8211; w sklepie Pa\u0144stwa Romana i Stanis\u0142awy Pawelc\u00f3w, Miedzierza 79,2) Ko\u0144skich &#8211; w Bibliotece Publicznej Miasta i Gminy Ko\u0144skie, ul. Partyzant\u00f3w 1,3) Kielcach: &#8211; w ksi\u0119garni &#8222;\u015awiatowid&#8221; na ulicy Starodomaszowskiej 30\/46 (czynne od poniedzia\u0142ku do pi\u0105tku w godz. 10:00-16:00) &#8211; w [&hellip;]","og_url":"https:\/\/miedzierza.pl\/?page_id=51","og_site_name":"Miedzierza wczoraj i dzi\u015b","article_modified_time":"2026-03-05T20:53:50+00:00","twitter_card":"summary_large_image","twitter_misc":{"Szacowany czas czytania":"1 minuta"},"schema":{"@context":"https:\/\/schema.org","@graph":[{"@type":"WebPage","@id":"https:\/\/miedzierza.pl\/?page_id=51","url":"https:\/\/miedzierza.pl\/?page_id=51","name":"Gdzie kupi\u0107? - Miedzierza wczoraj i dzi\u015b","isPartOf":{"@id":"https:\/\/miedzierza.pl\/#website"},"datePublished":"2025-02-01T19:54:54+00:00","dateModified":"2026-03-05T20:53:50+00:00","breadcrumb":{"@id":"https:\/\/miedzierza.pl\/?page_id=51#breadcrumb"},"inLanguage":"pl-PL","potentialAction":[{"@type":"ReadAction","target":["https:\/\/miedzierza.pl\/?page_id=51"]}]},{"@type":"BreadcrumbList","@id":"https:\/\/miedzierza.pl\/?page_id=51#breadcrumb","itemListElement":[{"@type":"ListItem","position":1,"name":"Strona g\u0142\u00f3wna","item":"https:\/\/miedzierza.pl\/"},{"@type":"ListItem","position":2,"name":"Gdzie kupi\u0107?"}]},{"@type":"WebSite","@id":"https:\/\/miedzierza.pl\/#website","url":"https:\/\/miedzierza.pl\/","name":"Miedzierza wczoraj i dzi\u015b","description":"","potentialAction":[{"@type":"SearchAction","target":{"@type":"EntryPoint","urlTemplate":"https:\/\/miedzierza.pl\/?s={search_term_string}"},"query-input":{"@type":"PropertyValueSpecification","valueRequired":true,"valueName":"search_term_string"}}],"inLanguage":"pl-PL"}]}},"blog_post_layout_featured_media_urls":{"thumbnail":"","full":""},"categories_names":null,"comments_number":"0","_links":{"self":[{"href":"https:\/\/miedzierza.pl\/index.php?rest_route=\/wp\/v2\/pages\/51","targetHints":{"allow":["GET"]}}],"collection":[{"href":"https:\/\/miedzierza.pl\/index.php?rest_route=\/wp\/v2\/pages"}],"about":[{"href":"https:\/\/miedzierza.pl\/index.php?rest_route=\/wp\/v2\/types\/page"}],"author":[{"embeddable":true,"href":"https:\/\/miedzierza.pl\/index.php?rest_route=\/wp\/v2\/users\/1"}],"replies":[{"embeddable":true,"href":"https:\/\/miedzierza.pl\/index.php?rest_route=%2Fwp%2Fv2%2Fcomments&post=51"}],"version-history":[{"count":11,"href":"https:\/\/miedzierza.pl\/index.php?rest_route=\/wp\/v2\/pages\/51\/revisions"}],"predecessor-version":[{"id":314,"href":"https:\/\/miedzierza.pl\/index.php?rest_route=\/wp\/v2\/pages\/51\/revisions\/314"}],"wp:attachment":[{"href":"https:\/\/miedzierza.pl\/index.php?rest_route=%2Fwp%2Fv2%2Fmedia&parent=51"}],"curies":[{"name":"wp","href":"https:\/\/api.w.org\/{rel}","templated":true}]}}